{"id":2,"date":"2024-10-21T05:39:25","date_gmt":"2024-10-21T05:39:25","guid":{"rendered":"https:\/\/moj.ntpark.me\/?page_id=2"},"modified":"2025-12-09T11:44:18","modified_gmt":"2025-12-09T10:44:18","slug":"naslovna","status":"publish","type":"page","link":"http:\/\/moj.ntpark.me\/me\/","title":{"rendered":"Naslovna"},"content":{"rendered":"\n<div class=\"wp-block-cover alignfull\" style=\"min-height:100vh;aspect-ratio:unset;\"><img loading=\"lazy\" decoding=\"async\" width=\"1440\" height=\"803\" class=\"wp-block-cover__image-background wp-image-188 size-full\" alt=\"\" src=\"https:\/\/moj.ntpark.me\/me\/wp-content\/uploads\/2024\/12\/NTPHeroImage.webp\" data-object-fit=\"cover\" srcset=\"https:\/\/moj.ntpark.me\/wp-content\/uploads\/2024\/12\/NTPHeroImage.webp 1440w, https:\/\/moj.ntpark.me\/wp-content\/uploads\/2024\/12\/NTPHeroImage-300x167.webp 300w, https:\/\/moj.ntpark.me\/wp-content\/uploads\/2024\/12\/NTPHeroImage-1024x571.webp 1024w, https:\/\/moj.ntpark.me\/wp-content\/uploads\/2024\/12\/NTPHeroImage-768x428.webp 768w, https:\/\/moj.ntpark.me\/wp-content\/uploads\/2024\/12\/NTPHeroImage-18x10.webp 18w\" sizes=\"auto, (max-width: 1440px) 100vw, 1440px\" \/><span aria-hidden=\"true\" class=\"wp-block-cover__background has-background-dim-0 has-background-dim\"><\/span><div class=\"wp-block-cover__inner-container has-global-padding is-layout-constrained wp-block-cover-is-layout-constrained\">\n<div class=\"wp-block-group has-global-padding is-content-justification-left is-layout-constrained wp-container-core-group-is-layout-b04430d9 wp-block-group-is-layout-constrained\">\n<h2 class=\"wp-block-heading has-text-align-left\" style=\"margin-top:0;margin-bottom:0;font-size:clamp(42.068px, 2.629rem + ((1vw - 3.2px) * 3.719), 80px);line-height:1.1\"><strong>Nau\u010dno-tehnolo\u0161ki park Crne Gore<\/strong><\/h2>\n\n\n\n<p class=\"has-medium-font-size wp-block-paragraph\" style=\"margin-top:var(--wp--preset--spacing--6);margin-bottom:var(--wp--preset--spacing--6)\">Mjesto gdje inovacije i biznis ne poznaju granice.<\/p>\n<\/div>\n<\/div><\/div>\n\n\n\n<div class=\"wp-block-group alignfull bg-[#fff] py-12 lg:py-[100px] lg:bg-[#E7EBFD] has-global-padding is-layout-constrained wp-block-group-is-layout-constrained\">\n<div class=\"wp-block-group container is-layout-flow wp-block-group-is-layout-flow\">\n<h2 class=\"wp-block-heading alignwide text-black text-4xl leading-[46px] font-bold lg:text-[64px] lg:leading-[74px] lg:font-extrabold !mb-8 md:!mb-12\">\n            Na\u0161e usluge<\/h2>\n\n\n\n<div class=\"wp-block-columns alignwide is-layout-flex wp-container-core-columns-is-layout-794e3cfa wp-block-columns-is-layout-flex\">\n<div class=\"wp-block-column group transition-all font-poppins bg-[#F2F5FF] lg:bg-gradient-to-b lg:from-white lg:to-[#E7EBFD] overflow-hidden !mb-3 last:mb-0 rounded-[32px] p-6 hover:bg-[#D6ECFF] md:p-0 lg:mb-0 lg:hover:from-[#D3DCFF] lg:hover:to-[#D3DCFF] is-layout-flow wp-block-column-is-layout-flow\">\n<figure class=\"wp-block-image size-large is-resized [&amp;&gt;*]:!w-full wp-duotone-unset-1\" style=\"margin-bottom:24px\"><img loading=\"lazy\" decoding=\"async\" width=\"1024\" height=\"826\" src=\"https:\/\/moj.ntpark.me\/wp-content\/uploads\/2025\/08\/1756455405934782-1-1024x826.jpg\" alt=\"\" class=\"wp-image-253\" style=\"object-fit:cover;width:410px;height:300px\" srcset=\"https:\/\/moj.ntpark.me\/wp-content\/uploads\/2025\/08\/1756455405934782-1-1024x826.jpg 1024w, https:\/\/moj.ntpark.me\/wp-content\/uploads\/2025\/08\/1756455405934782-1-300x242.jpg 300w, https:\/\/moj.ntpark.me\/wp-content\/uploads\/2025\/08\/1756455405934782-1-768x619.jpg 768w, https:\/\/moj.ntpark.me\/wp-content\/uploads\/2025\/08\/1756455405934782-1-1536x1239.jpg 1536w, https:\/\/moj.ntpark.me\/wp-content\/uploads\/2025\/08\/1756455405934782-1-2048x1652.jpg 2048w, https:\/\/moj.ntpark.me\/wp-content\/uploads\/2025\/08\/1756455405934782-1-15x12.jpg 15w\" sizes=\"auto, (max-width: 1024px) 100vw, 1024px\" \/><\/figure>\n\n\n\n<div class=\"wp-block-group content md:px-5 is-layout-flow wp-block-group-is-layout-flow\">\n<h2 class=\"wp-block-heading text-black font-poppins !text-base !leading-[19px] font-semibold !mb-4 md:!text-xl\">\n                        Konferencijske sale<\/h2>\n\n\n\n<p class=\"font-normal text-base !mb-4 lg:text-[#6E87A7] group-hover:text-black line-clamp-3 wp-block-paragraph\">Nau\u010dno-tehnolo\u0161ki park nudi dvije moderno opremljene konferencijske sale koje mogu zadovoljiti razli\u010dite potrebe za organizaciju doga\u0111aja, od malih sastanaka do velikih konferencija.<\/p>\n<\/div>\n\n\n<li class=\" wp-block-navigation-item text-[#318CDD] visited:text-[#318CDD] font-bold text-base font-poppins md:px-5 md:!mb-8 block opacity-100 md:opacity-0 group-hover:opacity-100 transition-all hover:text-[#1F40B2] wp-block-navigation-link\"><a class=\"wp-block-navigation-item__content\"  href=\"https:\/\/moj.ntpark.me\/me\/konferencijske-sale\/\"><span class=\"wp-block-navigation-item__label\">Detaljnije<\/span><\/a><\/li><\/div>\n\n\n\n<div class=\"wp-block-column group transition-all font-poppins bg-[#F2F5FF] lg:bg-gradient-to-b lg:from-white lg:to-[#E7EBFD] overflow-hidden !mb-3 last:mb-0 rounded-[32px] p-6 hover:bg-[#D6ECFF] md:p-0 lg:mb-0 lg:hover:from-[#D3DCFF] lg:hover:to-[#D3DCFF] is-layout-flow wp-block-column-is-layout-flow\">\n<figure class=\"wp-block-image size-large is-resized [&amp;&gt;*]:!w-full\" style=\"margin-bottom:24px\"><img loading=\"lazy\" decoding=\"async\" width=\"926\" height=\"1024\" src=\"https:\/\/moj.ntpark.me\/wp-content\/uploads\/2025\/08\/sala1-926x1024.jpg\" alt=\"\" class=\"wp-image-256\" style=\"object-fit:cover;width:410px;height:300px\" srcset=\"https:\/\/moj.ntpark.me\/wp-content\/uploads\/2025\/08\/sala1-926x1024.jpg 926w, https:\/\/moj.ntpark.me\/wp-content\/uploads\/2025\/08\/sala1-271x300.jpg 271w, https:\/\/moj.ntpark.me\/wp-content\/uploads\/2025\/08\/sala1-768x850.jpg 768w, https:\/\/moj.ntpark.me\/wp-content\/uploads\/2025\/08\/sala1-1389x1536.jpg 1389w, https:\/\/moj.ntpark.me\/wp-content\/uploads\/2025\/08\/sala1-1851x2048.jpg 1851w, https:\/\/moj.ntpark.me\/wp-content\/uploads\/2025\/08\/sala1-11x12.jpg 11w\" sizes=\"auto, (max-width: 926px) 100vw, 926px\" \/><\/figure>\n\n\n\n<div class=\"wp-block-group content md:px-5 is-layout-flow wp-block-group-is-layout-flow\">\n<h2 class=\"wp-block-heading text-black font-poppins !text-base !leading-[19px] font-semibold !mb-4 md:!text-xl\">\n                        Sale za sastanke<\/h2>\n\n\n\n<p class=\"font-normal text-base !mb-4 lg:text-[#6E87A7] group-hover:text-black line-clamp-3 wp-block-paragraph\">U okviru Nau\u010dno tehnolo\u0161kog parka raspola\u017eemo sa tri prostrane i funkcionalne sale za sastanke.. <\/p>\n<\/div>\n\n\n<li class=\" wp-block-navigation-item text-[#318CDD] visited:text-[#318CDD] font-bold text-base font-poppins md:px-5 md:!mb-8 block opacity-100 md:opacity-0 group-hover:opacity-100 transition-all hover:text-[#1F40B2] wp-block-navigation-link\"><a class=\"wp-block-navigation-item__content\"  href=\"https:\/\/moj.ntpark.me\/me\/sale-za-sastanke\/\"><span class=\"wp-block-navigation-item__label\">Detaljnije<\/span><\/a><\/li><\/div>\n\n\n\n<div class=\"wp-block-column group transition-all font-poppins bg-[#F2F5FF] lg:bg-gradient-to-b lg:from-white lg:to-[#E7EBFD] overflow-hidden !mb-3 last:mb-0 rounded-[32px] p-6 hover:bg-[#D6ECFF] md:p-0 lg:mb-0 lg:hover:from-[#D3DCFF] lg:hover:to-[#D3DCFF] is-layout-flow wp-block-column-is-layout-flow\">\n<figure class=\"wp-block-image size-large is-resized [&amp;&gt;*]:!w-full\" style=\"margin-bottom:24px\"><img decoding=\"async\" src=\"https:\/\/moj.ntpark.me\/wp-content\/uploads\/2025\/01\/CoWorkingspace-600x600-1.jpg\" alt=\"\" class=\"wp-image-217\" style=\"object-fit:cover;width:410px;height:300px\"\/><\/figure>\n\n\n\n<div class=\"wp-block-group content md:px-5 is-layout-flow wp-block-group-is-layout-flow\">\n<h2 class=\"wp-block-heading text-black font-poppins !text-base !leading-[19px] font-semibold !mb-4 md:!text-xl\">\n                        Coworking prostor<\/h2>\n\n\n\n<p class=\"font-normal text-base !mb-4 lg:text-[#6E87A7] group-hover:text-black line-clamp-3 wp-block-paragraph\">Coworking prostor je prostor namenjen preduzetnicima, startupovima, freelancerima i svim onima koji tra\u017ee inspirativno okru\u017eenje za rad, saradnju i razmenu ideja.<\/p>\n<\/div>\n\n\n<li class=\" wp-block-navigation-item text-[#318CDD] visited:text-[#318CDD] font-bold text-base font-poppins md:px-5 md:!mb-8 block opacity-100 md:opacity-0 group-hover:opacity-100 transition-all hover:text-[#1F40B2] wp-block-navigation-link\"><a class=\"wp-block-navigation-item__content\"  href=\"https:\/\/moj.ntpark.me\/me\/coworking-prostor\/\"><span class=\"wp-block-navigation-item__label\">Detaljnije<\/span><\/a><\/li><\/div>\n<\/div>\n<\/div>\n<\/div>\n","protected":false},"excerpt":{"rendered":"<p>Na\u0161e usluge Konferencijske sale Nau\u010dno-tehnolo\u0161ki park nudi dvije moderno opremljene konferencijske sale koje mogu zadovoljiti razli\u010dite potrebe za organizaciju doga\u0111aja, od malih sastanaka do velikih konferencija. Sale za sastanke U okviru Nau\u010dno tehnolo\u0161kog parka raspola\u017eemo sa tri prostrane i funkcionalne sale za sastanke.. Coworking prostor Coworking prostor je prostor namenjen preduzetnicima, startupovima, freelancerima i svim onima koji tra\u017ee inspirativno okru\u017eenje za rad, saradnju i razmenu ideja.<\/p>\n","protected":false},"author":1,"featured_media":0,"parent":0,"menu_order":0,"comment_status":"closed","ping_status":"closed","template":"page-no-title","meta":{"_crdt_document":"","footnotes":""},"class_list":["post-2","page","type-page","status-publish","hentry"],"featured_image_src":null,"featured_image_src_square":null,"_links":{"self":[{"href":"http:\/\/moj.ntpark.me\/me\/wp-json\/wp\/v2\/pages\/2","targetHints":{"allow":["GET"]}}],"collection":[{"href":"http:\/\/moj.ntpark.me\/me\/wp-json\/wp\/v2\/pages"}],"about":[{"href":"http:\/\/moj.ntpark.me\/me\/wp-json\/wp\/v2\/types\/page"}],"author":[{"embeddable":true,"href":"http:\/\/moj.ntpark.me\/me\/wp-json\/wp\/v2\/users\/1"}],"replies":[{"embeddable":true,"href":"http:\/\/moj.ntpark.me\/me\/wp-json\/wp\/v2\/comments?post=2"}],"version-history":[{"count":7,"href":"http:\/\/moj.ntpark.me\/me\/wp-json\/wp\/v2\/pages\/2\/revisions"}],"predecessor-version":[{"id":521,"href":"http:\/\/moj.ntpark.me\/me\/wp-json\/wp\/v2\/pages\/2\/revisions\/521"}],"wp:attachment":[{"href":"http:\/\/moj.ntpark.me\/me\/wp-json\/wp\/v2\/media?parent=2"}],"curies":[{"name":"wp","href":"https:\/\/api.w.org\/{rel}","templated":true}]}}